{"id":25723,"date":"2023-07-19T17:21:37","date_gmt":"2023-07-19T15:21:37","guid":{"rendered":"https:\/\/razed-ev.de\/integration-par-le-skateboard-tour-sud\/"},"modified":"2023-07-21T08:24:07","modified_gmt":"2023-07-21T06:24:07","slug":"integration-par-le-skateboard-tour-sud","status":"publish","type":"page","link":"https:\/\/razed-ev.de\/fr\/integration-par-le-skateboard-tour-sud\/","title":{"rendered":"Int\u00e9gration par le Skateboard Tour Sud"},"content":{"rendered":"<p><strong>C&rsquo;est cool que tu sois arriv\u00e9 jusqu&rsquo;ici !<\/strong><br \/>\r\nNous avons pr\u00e9vu quelque chose de formidable pour le mois d&rsquo;ao\u00fbt. Il y aura un \u00e9v\u00e9nement qui se d\u00e9roulera le long de l&rsquo;A8 dans plusieurs villes.<\/p>\r\n<p><strong>De quoi s&rsquo;agit-il ?<\/strong><\/p>\r\n<p>Les personnes qui partagent le m\u00eame hobby, ou mieux &#8211; la m\u00eame passion &#8211; peuvent se contenter de quelques mots pour communiquer entre elles. En skateboard, ces quelques mots suffisent pour bien interagir. En m\u00eame temps, nous cr\u00e9ons la motivation de se socialiser, de s&rsquo;int\u00e9grer &#8211; d&rsquo;o\u00f9 \u00ab\u00a0l&rsquo;int\u00e9gration par le skateboard\u00a0\u00bb. Nous pensons que le sport et la culture sont parmi les liens les plus forts, c&rsquo;est pourquoi nous invitons tout le monde \u00e0 y participer. Tout le monde est le bienvenu \u00e0 ces ateliers, que tu veuilles enfin tirer ton premier flip \u00e0 360\u00b0 ou que tu ne sois jamais mont\u00e9 sur une planche. La seule chose que vous devez apporter est votre bonne humeur &#8211; le reste viendra tout seul ! La seule restriction qui existe &#8211; l&rsquo;\u00e2ge minimum est de 8 ans.<\/p>\r\n<p><\/p>\r\n<br \/>\r\n<figure id=\"attachment_25735\" aria-describedby=\"caption-attachment-25735\" style=\"width: 1200px\" class=\"wp-caption alignleft\"><a href=\"https:\/\/razed-ev.de\/wp-content\/uploads\/2023\/07\/Integration-durch-Skateboard-Tour-Sued_1200x1200-DE.jpg\"><img loading=\"lazy\" decoding=\"async\" src=\"https:\/\/razed-ev.de\/wp-content\/uploads\/2023\/07\/Integration-durch-Skateboard-Tour-Sued_1200x1200-DE.jpg\" alt=\"\" width=\"1200\" height=\"1200\" class=\"size-full wp-image-25735\" srcset=\"https:\/\/razed-ev.de\/wp-content\/uploads\/2023\/07\/Integration-durch-Skateboard-Tour-Sued_1200x1200-DE.jpg 1200w, https:\/\/razed-ev.de\/wp-content\/uploads\/2023\/07\/Integration-durch-Skateboard-Tour-Sued_1200x1200-DE-300x300.jpg 300w, https:\/\/razed-ev.de\/wp-content\/uploads\/2023\/07\/Integration-durch-Skateboard-Tour-Sued_1200x1200-DE-1024x1024.jpg 1024w, https:\/\/razed-ev.de\/wp-content\/uploads\/2023\/07\/Integration-durch-Skateboard-Tour-Sued_1200x1200-DE-150x150.jpg 150w, https:\/\/razed-ev.de\/wp-content\/uploads\/2023\/07\/Integration-durch-Skateboard-Tour-Sued_1200x1200-DE-768x768.jpg 768w, https:\/\/razed-ev.de\/wp-content\/uploads\/2023\/07\/Integration-durch-Skateboard-Tour-Sued_1200x1200-DE-100x100.jpg 100w\" sizes=\"auto, (max-width: 767px) 89vw, (max-width: 1000px) 54vw, (max-width: 1071px) 543px, 580px\" \/><\/a><figcaption id=\"caption-attachment-25735\" class=\"wp-caption-text\">Integration durch Skateboard &#8211; Tour S\u00fcd<\/figcaption><\/figure>\r\n<p><strong>O\u00f9 se d\u00e9roule-t-il ?<\/strong><br \/>\r\n22.08. Stuttgart \/ 23.08. Ulm \/ 24.08. Augsbourg<\/p>\r\n<p><strong>Informations sur les lieux des manifestations :<\/strong><br \/>\r\n<a href=\"https:\/\/stuttpark.net\" target=\"_blank\" rel=\"noopener\">https:\/\/stuttpark.net<\/a><br \/>\r\n<a href=\"https:\/\/reithalle-ulm.de\" target=\"_blank\" rel=\"noopener\">https:\/\/reithalle-ulm.de<\/a><br \/>\r\n<a href=\"https:\/\/skatepark-augsburg.de\" target=\"_blank\" rel=\"noopener\">https:\/\/skatepark-augsburg.de<\/a><br \/>\r\n<br \/>\r\n<p>Les ateliers sont propos\u00e9s gratuitement, parfois nous prenons en charge les frais en tant qu&rsquo;association. \u00c0 Augsbourg, elles sont soutenues par le minist\u00e8re bavarois de l&rsquo;Int\u00e9rieur, du Sport et de l&rsquo;Int\u00e9gration et par le projet du DOSB \u00ab\u00a0Int\u00e9gration par le sport &#8211; Le sport cr\u00e9e la patrie\u00a0\u00bb.<\/p>\r\n<p>Pour toute autre question, n&rsquo;h\u00e9sitez pas \u00e0 nous contacter \u00e0 l&rsquo;adresse suivante : vladislove@razed-ev.de<\/p>\r\n<p>Cliquez ici pour acc\u00e9der directement \u00e0 l&rsquo;inscription :<\/p>\r\n","protected":false},"excerpt":{"rendered":"<p>C&rsquo;est cool que tu sois arriv\u00e9 jusqu&rsquo;ici ! Nous avons pr\u00e9vu quelque chose de formidable pour le mois d&rsquo;ao\u00fbt. Il y aura un \u00e9v\u00e9nement qui se d\u00e9roulera le long de l&rsquo;A8 dans plusieurs villes. De quoi s&rsquo;agit-il ? Les personnes qui partagent le m\u00eame hobby, ou mieux &#8211; la m\u00eame passion &#8211; peuvent se contenter &hellip; <\/p>\n<p class=\"link-more\"><a href=\"https:\/\/razed-ev.de\/fr\/integration-par-le-skateboard-tour-sud\/\" class=\"more-link\">Continuer la lecture<span class=\"screen-reader-text\"> de &laquo;&nbsp;Int\u00e9gration par le Skateboard Tour Sud&nbsp;&raquo;<\/span><\/a><\/p>\n","protected":false},"author":2,"featured_media":0,"parent":0,"menu_order":1,"comment_status":"closed","ping_status":"closed","template":"","meta":{"footnotes":""},"class_list":["post-25723","page","type-page","status-publish","hentry"],"yoast_head":"<!-- This site is optimized with the Yoast SEO plugin v26.5 - https:\/\/yoast.com\/wordpress\/plugins\/seo\/ -->\n<title>Int\u00e9gration par le Skateboard Tour Sud - Skateboarding<\/title>\n<meta name=\"robots\" content=\"index, follow, max-snippet:-1, max-image-preview:large, max-video-preview:-1\" \/>\n<link rel=\"canonical\" href=\"https:\/\/razed-ev.de\/fr\/integration-par-le-skateboard-tour-sud\/\" \/>\n<meta property=\"og:locale\" content=\"fr_FR\" \/>\n<meta property=\"og:type\" content=\"article\" \/>\n<meta property=\"og:title\" content=\"Int\u00e9gration par le Skateboard Tour Sud - Skateboarding\" \/>\n<meta property=\"og:description\" content=\"C&rsquo;est cool que tu sois arriv\u00e9 jusqu&rsquo;ici ! Nous avons pr\u00e9vu quelque chose de formidable pour le mois d&rsquo;ao\u00fbt. Il y aura un \u00e9v\u00e9nement qui se d\u00e9roulera le long de l&rsquo;A8 dans plusieurs villes. De quoi s&rsquo;agit-il ? Les personnes qui partagent le m\u00eame hobby, ou mieux &#8211; la m\u00eame passion &#8211; peuvent se contenter &hellip; Continuer la lecture de &laquo;&nbsp;Int\u00e9gration par le Skateboard Tour Sud&nbsp;&raquo;\" \/>\n<meta property=\"og:url\" content=\"https:\/\/razed-ev.de\/fr\/integration-par-le-skateboard-tour-sud\/\" \/>\n<meta property=\"og:site_name\" content=\"Skateboarding\" \/>\n<meta property=\"article:publisher\" content=\"https:\/\/www.facebook.com\/skateboarding.augsburg\" \/>\n<meta property=\"article:modified_time\" content=\"2023-07-21T06:24:07+00:00\" \/>\n<meta property=\"og:image\" content=\"https:\/\/razed-ev.de\/wp-content\/uploads\/2023\/07\/Integration-durch-Skateboard-Tour-Sued_1200x1200-DE.jpg\" \/>\n<meta name=\"twitter:card\" content=\"summary_large_image\" \/>\n<meta name=\"twitter:label1\" content=\"Dur\u00e9e de lecture estim\u00e9e\" \/>\n\t<meta name=\"twitter:data1\" content=\"2 minutes\" \/>\n<script type=\"application\/ld+json\" class=\"yoast-schema-graph\">{\"@context\":\"https:\/\/schema.org\",\"@graph\":[{\"@type\":\"WebPage\",\"@id\":\"https:\/\/razed-ev.de\/fr\/integration-par-le-skateboard-tour-sud\/\",\"url\":\"https:\/\/razed-ev.de\/fr\/integration-par-le-skateboard-tour-sud\/\",\"name\":\"Int\u00e9gration par le Skateboard Tour Sud - Skateboarding\",\"isPartOf\":{\"@id\":\"https:\/\/razed-ev.de\/#website\"},\"primaryImageOfPage\":{\"@id\":\"https:\/\/razed-ev.de\/fr\/integration-par-le-skateboard-tour-sud\/#primaryimage\"},\"image\":{\"@id\":\"https:\/\/razed-ev.de\/fr\/integration-par-le-skateboard-tour-sud\/#primaryimage\"},\"thumbnailUrl\":\"https:\/\/razed-ev.de\/wp-content\/uploads\/2023\/07\/Integration-durch-Skateboard-Tour-Sued_1200x1200-DE.jpg\",\"datePublished\":\"2023-07-19T15:21:37+00:00\",\"dateModified\":\"2023-07-21T06:24:07+00:00\",\"breadcrumb\":{\"@id\":\"https:\/\/razed-ev.de\/fr\/integration-par-le-skateboard-tour-sud\/#breadcrumb\"},\"inLanguage\":\"fr-FR\",\"potentialAction\":[{\"@type\":\"ReadAction\",\"target\":[\"https:\/\/razed-ev.de\/fr\/integration-par-le-skateboard-tour-sud\/\"]}]},{\"@type\":\"ImageObject\",\"inLanguage\":\"fr-FR\",\"@id\":\"https:\/\/razed-ev.de\/fr\/integration-par-le-skateboard-tour-sud\/#primaryimage\",\"url\":\"https:\/\/razed-ev.de\/wp-content\/uploads\/2023\/07\/Integration-durch-Skateboard-Tour-Sued_1200x1200-DE.jpg\",\"contentUrl\":\"https:\/\/razed-ev.de\/wp-content\/uploads\/2023\/07\/Integration-durch-Skateboard-Tour-Sued_1200x1200-DE.jpg\"},{\"@type\":\"BreadcrumbList\",\"@id\":\"https:\/\/razed-ev.de\/fr\/integration-par-le-skateboard-tour-sud\/#breadcrumb\",\"itemListElement\":[{\"@type\":\"ListItem\",\"position\":1,\"name\":\"Startseite\",\"item\":\"https:\/\/razed-ev.de\/\"},{\"@type\":\"ListItem\",\"position\":2,\"name\":\"Int\u00e9gration par le Skateboard Tour Sud\"}]},{\"@type\":\"WebSite\",\"@id\":\"https:\/\/razed-ev.de\/#website\",\"url\":\"https:\/\/razed-ev.de\/\",\"name\":\"Skateboarding\",\"description\":\"Das tut bestimmt nicht weh\",\"publisher\":{\"@id\":\"https:\/\/razed-ev.de\/#organization\"},\"potentialAction\":[{\"@type\":\"SearchAction\",\"target\":{\"@type\":\"EntryPoint\",\"urlTemplate\":\"https:\/\/razed-ev.de\/?s={search_term_string}\"},\"query-input\":{\"@type\":\"PropertyValueSpecification\",\"valueRequired\":true,\"valueName\":\"search_term_string\"}}],\"inLanguage\":\"fr-FR\"},{\"@type\":\"Organization\",\"@id\":\"https:\/\/razed-ev.de\/#organization\",\"name\":\"RAZED Skateboarding Club Schwaben e. V.\",\"url\":\"https:\/\/razed-ev.de\/\",\"logo\":{\"@type\":\"ImageObject\",\"inLanguage\":\"fr-FR\",\"@id\":\"https:\/\/razed-ev.de\/#\/schema\/logo\/image\/\",\"url\":\"https:\/\/razed-ev.de\/wp-content\/uploads\/2019\/02\/RAZED-Sk8ClubSchwabenEV-Logo-11-08-2018-stempel.jpg\",\"contentUrl\":\"https:\/\/razed-ev.de\/wp-content\/uploads\/2019\/02\/RAZED-Sk8ClubSchwabenEV-Logo-11-08-2018-stempel.jpg\",\"width\":2280,\"height\":2325,\"caption\":\"RAZED Skateboarding Club Schwaben e. V.\"},\"image\":{\"@id\":\"https:\/\/razed-ev.de\/#\/schema\/logo\/image\/\"},\"sameAs\":[\"https:\/\/www.facebook.com\/skateboarding.augsburg\",\"https:\/\/www.yooying.com\/razed.ev\",\"https:\/\/www.youtube.com\/channel\/UCKQSdcxbdu-B1Pvg2c3YEtA\"]}]}<\/script>\n<!-- \/ Yoast SEO plugin. -->","yoast_head_json":{"title":"Int\u00e9gration par le Skateboard Tour Sud - Skateboarding","robots":{"index":"index","follow":"follow","max-snippet":"max-snippet:-1","max-image-preview":"max-image-preview:large","max-video-preview":"max-video-preview:-1"},"canonical":"https:\/\/razed-ev.de\/fr\/integration-par-le-skateboard-tour-sud\/","og_locale":"fr_FR","og_type":"article","og_title":"Int\u00e9gration par le Skateboard Tour Sud - Skateboarding","og_description":"C&rsquo;est cool que tu sois arriv\u00e9 jusqu&rsquo;ici ! Nous avons pr\u00e9vu quelque chose de formidable pour le mois d&rsquo;ao\u00fbt. Il y aura un \u00e9v\u00e9nement qui se d\u00e9roulera le long de l&rsquo;A8 dans plusieurs villes. De quoi s&rsquo;agit-il ? Les personnes qui partagent le m\u00eame hobby, ou mieux &#8211; la m\u00eame passion &#8211; peuvent se contenter &hellip; Continuer la lecture de &laquo;&nbsp;Int\u00e9gration par le Skateboard Tour Sud&nbsp;&raquo;","og_url":"https:\/\/razed-ev.de\/fr\/integration-par-le-skateboard-tour-sud\/","og_site_name":"Skateboarding","article_publisher":"https:\/\/www.facebook.com\/skateboarding.augsburg","article_modified_time":"2023-07-21T06:24:07+00:00","og_image":[{"url":"https:\/\/razed-ev.de\/wp-content\/uploads\/2023\/07\/Integration-durch-Skateboard-Tour-Sued_1200x1200-DE.jpg","type":"","width":"","height":""}],"twitter_card":"summary_large_image","twitter_misc":{"Dur\u00e9e de lecture estim\u00e9e":"2 minutes"},"schema":{"@context":"https:\/\/schema.org","@graph":[{"@type":"WebPage","@id":"https:\/\/razed-ev.de\/fr\/integration-par-le-skateboard-tour-sud\/","url":"https:\/\/razed-ev.de\/fr\/integration-par-le-skateboard-tour-sud\/","name":"Int\u00e9gration par le Skateboard Tour Sud - Skateboarding","isPartOf":{"@id":"https:\/\/razed-ev.de\/#website"},"primaryImageOfPage":{"@id":"https:\/\/razed-ev.de\/fr\/integration-par-le-skateboard-tour-sud\/#primaryimage"},"image":{"@id":"https:\/\/razed-ev.de\/fr\/integration-par-le-skateboard-tour-sud\/#primaryimage"},"thumbnailUrl":"https:\/\/razed-ev.de\/wp-content\/uploads\/2023\/07\/Integration-durch-Skateboard-Tour-Sued_1200x1200-DE.jpg","datePublished":"2023-07-19T15:21:37+00:00","dateModified":"2023-07-21T06:24:07+00:00","breadcrumb":{"@id":"https:\/\/razed-ev.de\/fr\/integration-par-le-skateboard-tour-sud\/#breadcrumb"},"inLanguage":"fr-FR","potentialAction":[{"@type":"ReadAction","target":["https:\/\/razed-ev.de\/fr\/integration-par-le-skateboard-tour-sud\/"]}]},{"@type":"ImageObject","inLanguage":"fr-FR","@id":"https:\/\/razed-ev.de\/fr\/integration-par-le-skateboard-tour-sud\/#primaryimage","url":"https:\/\/razed-ev.de\/wp-content\/uploads\/2023\/07\/Integration-durch-Skateboard-Tour-Sued_1200x1200-DE.jpg","contentUrl":"https:\/\/razed-ev.de\/wp-content\/uploads\/2023\/07\/Integration-durch-Skateboard-Tour-Sued_1200x1200-DE.jpg"},{"@type":"BreadcrumbList","@id":"https:\/\/razed-ev.de\/fr\/integration-par-le-skateboard-tour-sud\/#breadcrumb","itemListElement":[{"@type":"ListItem","position":1,"name":"Startseite","item":"https:\/\/razed-ev.de\/"},{"@type":"ListItem","position":2,"name":"Int\u00e9gration par le Skateboard Tour Sud"}]},{"@type":"WebSite","@id":"https:\/\/razed-ev.de\/#website","url":"https:\/\/razed-ev.de\/","name":"Skateboarding","description":"Das tut bestimmt nicht weh","publisher":{"@id":"https:\/\/razed-ev.de\/#organization"},"potentialAction":[{"@type":"SearchAction","target":{"@type":"EntryPoint","urlTemplate":"https:\/\/razed-ev.de\/?s={search_term_string}"},"query-input":{"@type":"PropertyValueSpecification","valueRequired":true,"valueName":"search_term_string"}}],"inLanguage":"fr-FR"},{"@type":"Organization","@id":"https:\/\/razed-ev.de\/#organization","name":"RAZED Skateboarding Club Schwaben e. V.","url":"https:\/\/razed-ev.de\/","logo":{"@type":"ImageObject","inLanguage":"fr-FR","@id":"https:\/\/razed-ev.de\/#\/schema\/logo\/image\/","url":"https:\/\/razed-ev.de\/wp-content\/uploads\/2019\/02\/RAZED-Sk8ClubSchwabenEV-Logo-11-08-2018-stempel.jpg","contentUrl":"https:\/\/razed-ev.de\/wp-content\/uploads\/2019\/02\/RAZED-Sk8ClubSchwabenEV-Logo-11-08-2018-stempel.jpg","width":2280,"height":2325,"caption":"RAZED Skateboarding Club Schwaben e. V."},"image":{"@id":"https:\/\/razed-ev.de\/#\/schema\/logo\/image\/"},"sameAs":["https:\/\/www.facebook.com\/skateboarding.augsburg","https:\/\/www.yooying.com\/razed.ev","https:\/\/www.youtube.com\/channel\/UCKQSdcxbdu-B1Pvg2c3YEtA"]}]}},"_links":{"self":[{"href":"https:\/\/razed-ev.de\/fr\/wp-json\/wp\/v2\/pages\/25723","targetHints":{"allow":["GET"]}}],"collection":[{"href":"https:\/\/razed-ev.de\/fr\/wp-json\/wp\/v2\/pages"}],"about":[{"href":"https:\/\/razed-ev.de\/fr\/wp-json\/wp\/v2\/types\/page"}],"author":[{"embeddable":true,"href":"https:\/\/razed-ev.de\/fr\/wp-json\/wp\/v2\/users\/2"}],"replies":[{"embeddable":true,"href":"https:\/\/razed-ev.de\/fr\/wp-json\/wp\/v2\/comments?post=25723"}],"version-history":[{"count":0,"href":"https:\/\/razed-ev.de\/fr\/wp-json\/wp\/v2\/pages\/25723\/revisions"}],"wp:attachment":[{"href":"https:\/\/razed-ev.de\/fr\/wp-json\/wp\/v2\/media?parent=25723"}],"curies":[{"name":"wp","href":"https:\/\/api.w.org\/{rel}","templated":true}]}}