{"id":25695,"date":"2023-07-17T16:31:59","date_gmt":"2023-07-17T14:31:59","guid":{"rendered":"https:\/\/razed-ev.de\/integration-durch-skateboard-tour-sued\/"},"modified":"2023-07-19T17:20:21","modified_gmt":"2023-07-19T15:20:21","slug":"integration-durch-skateboard-tour-sued","status":"publish","type":"page","link":"https:\/\/razed-ev.de\/ru\/integration-durch-skateboard-tour-sued\/","title":{"rendered":"\u0418\u043d\u0442\u0435\u0433\u0440\u0430\u0446\u0438\u043e\u043d\u043d\u044b\u0439 \u0442\u0443\u0440 \u043f\u0440\u0438 \u043f\u043e\u043c\u043e\u0449\u0438 \u0421\u043a\u0435\u0439\u0442\u0431\u043e\u0440\u0434\u0430"},"content":{"rendered":"<p><strong>Cool, dass du es bis hier her geschafft hast!<\/strong><br \/>\r\nWir haben f\u00fcr den August etwas gro\u00dfartiges geplant. Es wird eine Veranstaltung geben, die entlang der A8 in mehreren St\u00e4dten stattfindet.<br \/>\r\n<br \/>\r\n<strong>Um was geht es?<\/strong><br \/>\r\n<br \/>\r\nMenschen mit dem gleichen Hobby, oder besser &#8212; der gleichen Passion &#8212; k\u00f6nnen im Miteinander mit nur wenigen W\u00f6rtern auskommen. Diese wenigen W\u00f6rter reichen im Skateboarding, um gut interagieren zu k\u00f6nnen. Zugleich schaffen wir die Motivation, sich zu sozialisieren, zu integrieren &#8212; daher &#171;Integration durch Skateboard&#187;. Sport und Kultur sind unserer Meinung nach mit die st\u00e4rksten Bindeglieder, daher laden wir alle dazu ein, mitzumachen. Bei diesen Workshops ist jeder willkommen, egal ob Du endlich Deinen ersten 360\u00b0-Flip ziehen willst oder noch nie auf einem Board gestanden bist. Das einzige, was ihr mitbringen solltet ist gute Laune &#8212; der Rest kommt von selbst! Die einzige Einschr\u00e4nkung die es gibt &#8212; das Mindestalter ist 8.<\/p>\r\n<br \/>\r\n<p><strong>Wo findet es statt?<\/strong><br \/>\r\n22.08. Stuttgart \/ 23.08. Ulm \/ 24.08. Augsburg<br \/>\r\n<br \/>\r\n<strong>Information zu den Veranstaltungsorten:<\/strong><br \/>\r\n<a href=\"https:\/\/stuttpark.net\" target=\"_blank\" rel=\"noopener\">https:\/\/stuttpark.net<\/a><br \/>\r\n<a href=\"https:\/\/reithalle-ulm.de\" target=\"_blank\" rel=\"noopener\">https:\/\/reithalle-ulm.de<\/a><br \/>\r\n<a href=\"https:\/\/skatepark-augsburg.de\" target=\"_blank\" rel=\"noopener\">https:\/\/skatepark-augsburg.de<\/a><br \/>\r\n<a href=\"https:\/\/skateclub-burgau.de\/news\/\" target=\"_blank\" rel=\"noopener\">https:\/\/skateclub-burgau.de\/news\/<\/a><br \/>\r\n<br \/>\r\nDie Workshops werden kostenlos angeboten, teils \u00fcbernehmen wir als Verein die Kosten. In Augsburg werden diese vom Bayrischen Staatsministerium des Inneren, f\u00fcr Sport und Integration und dem DOSB Projekt \u201eIntegration durch Sport &#8212; Sport schafft Heimat&#187; unterst\u00fctzt.<br \/>\r\n<br \/> \r\nF\u00fcr alle weiteren fragen k\u00f6nnt ihr euch gerne melden unter: vladislove@razed-ev.de<\/p><br \/>\r\n<br \/>\r\nHier geht&#8217;s direkt weiter zur Anmeldung:<br \/>\r\n","protected":false},"excerpt":{"rendered":"<p>Cool, dass du es bis hier her geschafft hast! Wir haben f\u00fcr den August etwas gro\u00dfartiges geplant. Es wird eine Veranstaltung geben, die entlang der A8 in mehreren St\u00e4dten stattfindet. Um was geht es? Menschen mit dem gleichen Hobby, oder besser &#8212; der gleichen Passion &#8212; k\u00f6nnen im Miteinander mit nur wenigen W\u00f6rtern auskommen. Diese &hellip; <\/p>\n<p class=\"link-more\"><a href=\"https:\/\/razed-ev.de\/ru\/integration-durch-skateboard-tour-sued\/\" class=\"more-link\">\u0427\u0438\u0442\u0430\u0442\u044c \u0434\u0430\u043b\u0435\u0435<span class=\"screen-reader-text\"> \u00ab\u0418\u043d\u0442\u0435\u0433\u0440\u0430\u0446\u0438\u043e\u043d\u043d\u044b\u0439 \u0442\u0443\u0440 \u043f\u0440\u0438 \u043f\u043e\u043c\u043e\u0449\u0438 \u0421\u043a\u0435\u0439\u0442\u0431\u043e\u0440\u0434\u0430\u00bb<\/span><\/a><\/p>\n","protected":false},"author":2,"featured_media":0,"parent":0,"menu_order":1,"comment_status":"closed","ping_status":"closed","template":"","meta":{"footnotes":""},"class_list":["post-25695","page","type-page","status-publish","hentry"],"yoast_head":"<!-- This site is optimized with the Yoast SEO plugin v26.5 - https:\/\/yoast.com\/wordpress\/plugins\/seo\/ -->\n<title>\u0418\u043d\u0442\u0435\u0433\u0440\u0430\u0446\u0438\u043e\u043d\u043d\u044b\u0439 \u0442\u0443\u0440 \u043f\u0440\u0438 \u043f\u043e\u043c\u043e\u0449\u0438 \u0421\u043a\u0435\u0439\u0442\u0431\u043e\u0440\u0434\u0430 - Skateboarding<\/title>\n<meta name=\"robots\" content=\"index, follow, max-snippet:-1, max-image-preview:large, max-video-preview:-1\" \/>\n<link rel=\"canonical\" href=\"https:\/\/razed-ev.de\/ru\/integration-durch-skateboard-tour-sued\/\" \/>\n<meta property=\"og:locale\" content=\"ru_RU\" \/>\n<meta property=\"og:type\" content=\"article\" \/>\n<meta property=\"og:title\" content=\"\u0418\u043d\u0442\u0435\u0433\u0440\u0430\u0446\u0438\u043e\u043d\u043d\u044b\u0439 \u0442\u0443\u0440 \u043f\u0440\u0438 \u043f\u043e\u043c\u043e\u0449\u0438 \u0421\u043a\u0435\u0439\u0442\u0431\u043e\u0440\u0434\u0430 - Skateboarding\" \/>\n<meta property=\"og:description\" content=\"Cool, dass du es bis hier her geschafft hast! Wir haben f\u00fcr den August etwas gro\u00dfartiges geplant. Es wird eine Veranstaltung geben, die entlang der A8 in mehreren St\u00e4dten stattfindet. Um was geht es? Menschen mit dem gleichen Hobby, oder besser &#8212; der gleichen Passion &#8212; k\u00f6nnen im Miteinander mit nur wenigen W\u00f6rtern auskommen. Diese &hellip; \u0427\u0438\u0442\u0430\u0442\u044c \u0434\u0430\u043b\u0435\u0435 \u00ab\u0418\u043d\u0442\u0435\u0433\u0440\u0430\u0446\u0438\u043e\u043d\u043d\u044b\u0439 \u0442\u0443\u0440 \u043f\u0440\u0438 \u043f\u043e\u043c\u043e\u0449\u0438 \u0421\u043a\u0435\u0439\u0442\u0431\u043e\u0440\u0434\u0430\u00bb\" \/>\n<meta property=\"og:url\" content=\"https:\/\/razed-ev.de\/ru\/integration-durch-skateboard-tour-sued\/\" \/>\n<meta property=\"og:site_name\" content=\"Skateboarding\" \/>\n<meta property=\"article:publisher\" content=\"https:\/\/www.facebook.com\/skateboarding.augsburg\" \/>\n<meta property=\"article:modified_time\" content=\"2023-07-19T15:20:21+00:00\" \/>\n<meta property=\"og:image\" content=\"https:\/\/razed-ev.de\/wp-content\/uploads\/2019\/02\/2018-08-28-Razed-eV-FB-Header.png\" \/>\n\t<meta property=\"og:image:width\" content=\"853\" \/>\n\t<meta property=\"og:image:height\" content=\"341\" \/>\n\t<meta property=\"og:image:type\" content=\"image\/png\" \/>\n<meta name=\"twitter:card\" content=\"summary_large_image\" \/>\n<meta name=\"twitter:label1\" content=\"\u041f\u0440\u0438\u043c\u0435\u0440\u043d\u043e\u0435 \u0432\u0440\u0435\u043c\u044f \u0434\u043b\u044f \u0447\u0442\u0435\u043d\u0438\u044f\" \/>\n\t<meta name=\"twitter:data1\" content=\"2 \u043c\u0438\u043d\u0443\u0442\u044b\" \/>\n<script type=\"application\/ld+json\" class=\"yoast-schema-graph\">{\"@context\":\"https:\/\/schema.org\",\"@graph\":[{\"@type\":\"WebPage\",\"@id\":\"https:\/\/razed-ev.de\/ru\/integration-durch-skateboard-tour-sued\/\",\"url\":\"https:\/\/razed-ev.de\/ru\/integration-durch-skateboard-tour-sued\/\",\"name\":\"\u0418\u043d\u0442\u0435\u0433\u0440\u0430\u0446\u0438\u043e\u043d\u043d\u044b\u0439 \u0442\u0443\u0440 \u043f\u0440\u0438 \u043f\u043e\u043c\u043e\u0449\u0438 \u0421\u043a\u0435\u0439\u0442\u0431\u043e\u0440\u0434\u0430 - Skateboarding\",\"isPartOf\":{\"@id\":\"https:\/\/razed-ev.de\/#website\"},\"datePublished\":\"2023-07-17T14:31:59+00:00\",\"dateModified\":\"2023-07-19T15:20:21+00:00\",\"breadcrumb\":{\"@id\":\"https:\/\/razed-ev.de\/ru\/integration-durch-skateboard-tour-sued\/#breadcrumb\"},\"inLanguage\":\"ru-RU\",\"potentialAction\":[{\"@type\":\"ReadAction\",\"target\":[\"https:\/\/razed-ev.de\/ru\/integration-durch-skateboard-tour-sued\/\"]}]},{\"@type\":\"BreadcrumbList\",\"@id\":\"https:\/\/razed-ev.de\/ru\/integration-durch-skateboard-tour-sued\/#breadcrumb\",\"itemListElement\":[{\"@type\":\"ListItem\",\"position\":1,\"name\":\"Startseite\",\"item\":\"https:\/\/razed-ev.de\/\"},{\"@type\":\"ListItem\",\"position\":2,\"name\":\"\u0418\u043d\u0442\u0435\u0433\u0440\u0430\u0446\u0438\u043e\u043d\u043d\u044b\u0439 \u0442\u0443\u0440 \u043f\u0440\u0438 \u043f\u043e\u043c\u043e\u0449\u0438 \u0421\u043a\u0435\u0439\u0442\u0431\u043e\u0440\u0434\u0430\"}]},{\"@type\":\"WebSite\",\"@id\":\"https:\/\/razed-ev.de\/#website\",\"url\":\"https:\/\/razed-ev.de\/\",\"name\":\"Skateboarding\",\"description\":\"Das tut bestimmt nicht weh\",\"publisher\":{\"@id\":\"https:\/\/razed-ev.de\/#organization\"},\"potentialAction\":[{\"@type\":\"SearchAction\",\"target\":{\"@type\":\"EntryPoint\",\"urlTemplate\":\"https:\/\/razed-ev.de\/?s={search_term_string}\"},\"query-input\":{\"@type\":\"PropertyValueSpecification\",\"valueRequired\":true,\"valueName\":\"search_term_string\"}}],\"inLanguage\":\"ru-RU\"},{\"@type\":\"Organization\",\"@id\":\"https:\/\/razed-ev.de\/#organization\",\"name\":\"RAZED Skateboarding Club Schwaben e. V.\",\"url\":\"https:\/\/razed-ev.de\/\",\"logo\":{\"@type\":\"ImageObject\",\"inLanguage\":\"ru-RU\",\"@id\":\"https:\/\/razed-ev.de\/#\/schema\/logo\/image\/\",\"url\":\"https:\/\/razed-ev.de\/wp-content\/uploads\/2019\/02\/RAZED-Sk8ClubSchwabenEV-Logo-11-08-2018-stempel.jpg\",\"contentUrl\":\"https:\/\/razed-ev.de\/wp-content\/uploads\/2019\/02\/RAZED-Sk8ClubSchwabenEV-Logo-11-08-2018-stempel.jpg\",\"width\":2280,\"height\":2325,\"caption\":\"RAZED Skateboarding Club Schwaben e. V.\"},\"image\":{\"@id\":\"https:\/\/razed-ev.de\/#\/schema\/logo\/image\/\"},\"sameAs\":[\"https:\/\/www.facebook.com\/skateboarding.augsburg\",\"https:\/\/www.yooying.com\/razed.ev\",\"https:\/\/www.youtube.com\/channel\/UCKQSdcxbdu-B1Pvg2c3YEtA\"]}]}<\/script>\n<!-- \/ Yoast SEO plugin. -->","yoast_head_json":{"title":"\u0418\u043d\u0442\u0435\u0433\u0440\u0430\u0446\u0438\u043e\u043d\u043d\u044b\u0439 \u0442\u0443\u0440 \u043f\u0440\u0438 \u043f\u043e\u043c\u043e\u0449\u0438 \u0421\u043a\u0435\u0439\u0442\u0431\u043e\u0440\u0434\u0430 - Skateboarding","robots":{"index":"index","follow":"follow","max-snippet":"max-snippet:-1","max-image-preview":"max-image-preview:large","max-video-preview":"max-video-preview:-1"},"canonical":"https:\/\/razed-ev.de\/ru\/integration-durch-skateboard-tour-sued\/","og_locale":"ru_RU","og_type":"article","og_title":"\u0418\u043d\u0442\u0435\u0433\u0440\u0430\u0446\u0438\u043e\u043d\u043d\u044b\u0439 \u0442\u0443\u0440 \u043f\u0440\u0438 \u043f\u043e\u043c\u043e\u0449\u0438 \u0421\u043a\u0435\u0439\u0442\u0431\u043e\u0440\u0434\u0430 - Skateboarding","og_description":"Cool, dass du es bis hier her geschafft hast! Wir haben f\u00fcr den August etwas gro\u00dfartiges geplant. Es wird eine Veranstaltung geben, die entlang der A8 in mehreren St\u00e4dten stattfindet. Um was geht es? Menschen mit dem gleichen Hobby, oder besser &#8212; der gleichen Passion &#8212; k\u00f6nnen im Miteinander mit nur wenigen W\u00f6rtern auskommen. Diese &hellip; \u0427\u0438\u0442\u0430\u0442\u044c \u0434\u0430\u043b\u0435\u0435 \u00ab\u0418\u043d\u0442\u0435\u0433\u0440\u0430\u0446\u0438\u043e\u043d\u043d\u044b\u0439 \u0442\u0443\u0440 \u043f\u0440\u0438 \u043f\u043e\u043c\u043e\u0449\u0438 \u0421\u043a\u0435\u0439\u0442\u0431\u043e\u0440\u0434\u0430\u00bb","og_url":"https:\/\/razed-ev.de\/ru\/integration-durch-skateboard-tour-sued\/","og_site_name":"Skateboarding","article_publisher":"https:\/\/www.facebook.com\/skateboarding.augsburg","article_modified_time":"2023-07-19T15:20:21+00:00","og_image":[{"width":853,"height":341,"url":"https:\/\/razed-ev.de\/wp-content\/uploads\/2019\/02\/2018-08-28-Razed-eV-FB-Header.png","type":"image\/png"}],"twitter_card":"summary_large_image","twitter_misc":{"\u041f\u0440\u0438\u043c\u0435\u0440\u043d\u043e\u0435 \u0432\u0440\u0435\u043c\u044f \u0434\u043b\u044f \u0447\u0442\u0435\u043d\u0438\u044f":"2 \u043c\u0438\u043d\u0443\u0442\u044b"},"schema":{"@context":"https:\/\/schema.org","@graph":[{"@type":"WebPage","@id":"https:\/\/razed-ev.de\/ru\/integration-durch-skateboard-tour-sued\/","url":"https:\/\/razed-ev.de\/ru\/integration-durch-skateboard-tour-sued\/","name":"\u0418\u043d\u0442\u0435\u0433\u0440\u0430\u0446\u0438\u043e\u043d\u043d\u044b\u0439 \u0442\u0443\u0440 \u043f\u0440\u0438 \u043f\u043e\u043c\u043e\u0449\u0438 \u0421\u043a\u0435\u0439\u0442\u0431\u043e\u0440\u0434\u0430 - Skateboarding","isPartOf":{"@id":"https:\/\/razed-ev.de\/#website"},"datePublished":"2023-07-17T14:31:59+00:00","dateModified":"2023-07-19T15:20:21+00:00","breadcrumb":{"@id":"https:\/\/razed-ev.de\/ru\/integration-durch-skateboard-tour-sued\/#breadcrumb"},"inLanguage":"ru-RU","potentialAction":[{"@type":"ReadAction","target":["https:\/\/razed-ev.de\/ru\/integration-durch-skateboard-tour-sued\/"]}]},{"@type":"BreadcrumbList","@id":"https:\/\/razed-ev.de\/ru\/integration-durch-skateboard-tour-sued\/#breadcrumb","itemListElement":[{"@type":"ListItem","position":1,"name":"Startseite","item":"https:\/\/razed-ev.de\/"},{"@type":"ListItem","position":2,"name":"\u0418\u043d\u0442\u0435\u0433\u0440\u0430\u0446\u0438\u043e\u043d\u043d\u044b\u0439 \u0442\u0443\u0440 \u043f\u0440\u0438 \u043f\u043e\u043c\u043e\u0449\u0438 \u0421\u043a\u0435\u0439\u0442\u0431\u043e\u0440\u0434\u0430"}]},{"@type":"WebSite","@id":"https:\/\/razed-ev.de\/#website","url":"https:\/\/razed-ev.de\/","name":"Skateboarding","description":"Das tut bestimmt nicht weh","publisher":{"@id":"https:\/\/razed-ev.de\/#organization"},"potentialAction":[{"@type":"SearchAction","target":{"@type":"EntryPoint","urlTemplate":"https:\/\/razed-ev.de\/?s={search_term_string}"},"query-input":{"@type":"PropertyValueSpecification","valueRequired":true,"valueName":"search_term_string"}}],"inLanguage":"ru-RU"},{"@type":"Organization","@id":"https:\/\/razed-ev.de\/#organization","name":"RAZED Skateboarding Club Schwaben e. V.","url":"https:\/\/razed-ev.de\/","logo":{"@type":"ImageObject","inLanguage":"ru-RU","@id":"https:\/\/razed-ev.de\/#\/schema\/logo\/image\/","url":"https:\/\/razed-ev.de\/wp-content\/uploads\/2019\/02\/RAZED-Sk8ClubSchwabenEV-Logo-11-08-2018-stempel.jpg","contentUrl":"https:\/\/razed-ev.de\/wp-content\/uploads\/2019\/02\/RAZED-Sk8ClubSchwabenEV-Logo-11-08-2018-stempel.jpg","width":2280,"height":2325,"caption":"RAZED Skateboarding Club Schwaben e. V."},"image":{"@id":"https:\/\/razed-ev.de\/#\/schema\/logo\/image\/"},"sameAs":["https:\/\/www.facebook.com\/skateboarding.augsburg","https:\/\/www.yooying.com\/razed.ev","https:\/\/www.youtube.com\/channel\/UCKQSdcxbdu-B1Pvg2c3YEtA"]}]}},"_links":{"self":[{"href":"https:\/\/razed-ev.de\/ru\/wp-json\/wp\/v2\/pages\/25695","targetHints":{"allow":["GET"]}}],"collection":[{"href":"https:\/\/razed-ev.de\/ru\/wp-json\/wp\/v2\/pages"}],"about":[{"href":"https:\/\/razed-ev.de\/ru\/wp-json\/wp\/v2\/types\/page"}],"author":[{"embeddable":true,"href":"https:\/\/razed-ev.de\/ru\/wp-json\/wp\/v2\/users\/2"}],"replies":[{"embeddable":true,"href":"https:\/\/razed-ev.de\/ru\/wp-json\/wp\/v2\/comments?post=25695"}],"version-history":[{"count":0,"href":"https:\/\/razed-ev.de\/ru\/wp-json\/wp\/v2\/pages\/25695\/revisions"}],"wp:attachment":[{"href":"https:\/\/razed-ev.de\/ru\/wp-json\/wp\/v2\/media?parent=25695"}],"curies":[{"name":"wp","href":"https:\/\/api.w.org\/{rel}","templated":true}]}}