{"id":25721,"date":"2023-07-19T17:21:11","date_gmt":"2023-07-19T15:21:11","guid":{"rendered":"https:\/\/razed-ev.de\/gueney-kaykay-turu-ile-entegrasyon\/"},"modified":"2023-07-21T08:22:30","modified_gmt":"2023-07-21T06:22:30","slug":"gueney-kaykay-turu-ile-entegrasyon","status":"publish","type":"page","link":"https:\/\/razed-ev.de\/tr\/gueney-kaykay-turu-ile-entegrasyon\/","title":{"rendered":"G\u00fcney Kaykay Turu ile Entegrasyon"},"content":{"rendered":"<p><strong>Buraya kadar gelebilmen harika!<\/strong><br \/>\r\nA\u011fustos ay\u0131 i\u00e7in harika bir plan\u0131m\u0131z var. A8 boyunca \u00e7e\u015fitli \u015fehirlerde bir etkinlik ger\u00e7ekle\u015ftirilecektir.<\/p>\r\n<p><strong>Ne hakk\u0131nda?<\/strong><\/p>\r\n<p>Ayn\u0131 hobiye ya da daha iyisi ayn\u0131 tutkuya sahip insanlar bir araya geldiklerinde sadece birka\u00e7 kelimeyle idare edebilirler. Kaykayda iyi bir etkile\u015fim i\u00e7in bu birka\u00e7 kelime yeterlidir. Ayn\u0131 zamanda sosyalle\u015fmek, entegre olmak i\u00e7in motivasyon yarat\u0131yoruz &#8211; dolay\u0131s\u0131yla &#8220;kaykay yoluyla entegrasyon&#8221;. Bize g\u00f6re spor ve k\u00fclt\u00fcr en g\u00fc\u00e7l\u00fc ba\u011flardan biridir, bu nedenle herkesi kat\u0131lmaya davet ediyoruz. Bu at\u00f6lyelere herkes kat\u0131labilir; ister ilk 360\u00b0 d\u00f6n\u00fc\u015f\u00fcn\u00fcz\u00fc yapmak isteyin, ister daha \u00f6nce hi\u00e7 tahta \u00fczerinde durmam\u0131\u015f olun. Yan\u0131n\u0131zda getirmeniz gereken tek \u015fey iyi bir ruh hali &#8211; gerisi kendili\u011finden gelecektir! Tek k\u0131s\u0131tlama minimum ya\u015f\u0131n 8 olmas\u0131d\u0131r.<\/p>\r\n<p><\/p>\r\n<figure id=\"attachment_25744\" aria-describedby=\"caption-attachment-25744\" style=\"width: 1200px\" class=\"wp-caption alignleft\"><a href=\"https:\/\/razed-ev.de\/wp-content\/uploads\/2023\/07\/Integration-durch-Skateboard-Tour-Sued_1200x1200-DE.jpg\"><img loading=\"lazy\" decoding=\"async\" src=\"https:\/\/razed-ev.de\/wp-content\/uploads\/2023\/07\/Integration-durch-Skateboard-Tour-Sued_1200x1200-DE.jpg\" alt=\"\" width=\"1200\" height=\"1200\" class=\"size-full wp-image-25744\" srcset=\"https:\/\/razed-ev.de\/wp-content\/uploads\/2023\/07\/Integration-durch-Skateboard-Tour-Sued_1200x1200-DE.jpg 1200w, https:\/\/razed-ev.de\/wp-content\/uploads\/2023\/07\/Integration-durch-Skateboard-Tour-Sued_1200x1200-DE-300x300.jpg 300w, https:\/\/razed-ev.de\/wp-content\/uploads\/2023\/07\/Integration-durch-Skateboard-Tour-Sued_1200x1200-DE-1024x1024.jpg 1024w, https:\/\/razed-ev.de\/wp-content\/uploads\/2023\/07\/Integration-durch-Skateboard-Tour-Sued_1200x1200-DE-150x150.jpg 150w, https:\/\/razed-ev.de\/wp-content\/uploads\/2023\/07\/Integration-durch-Skateboard-Tour-Sued_1200x1200-DE-768x768.jpg 768w, https:\/\/razed-ev.de\/wp-content\/uploads\/2023\/07\/Integration-durch-Skateboard-Tour-Sued_1200x1200-DE-100x100.jpg 100w\" sizes=\"auto, (max-width: 767px) 89vw, (max-width: 1000px) 54vw, (max-width: 1071px) 543px, 580px\" \/><\/a><figcaption id=\"caption-attachment-25744\" class=\"wp-caption-text\">Integration durch Skateboard &#8211; Tour S\u00fcd<\/figcaption><\/figure>\r\n<p><strong>Nerede ger\u00e7ekle\u015fiyor?<\/strong><br \/>\r\n22.08. Stuttgart \/ 23.08. Ulm \/ 24.08. Augsburg<\/p>\r\n<p><strong>Mekan bilgisi:<\/strong><br \/>\r\n<a href=\"https:\/\/stuttpark.net\" target=\"_blank\" rel=\"noopener\">https:\/\/stuttpark.net<\/a><br \/>\r\n<a href=\"https:\/\/reithalle-ulm.de\" target=\"_blank\" rel=\"noopener\">https:\/\/reithalle-ulm.de<\/a><br \/>\r\n<a href=\"https:\/\/skatepark-augsburg.de\" target=\"_blank\" rel=\"noopener\">https:\/\/skatepark-augsburg.de<\/a><br \/>\r\n<br \/>\r\n<p>At\u00f6lye \u00e7al\u0131\u015fmalar\u0131 \u00fccretsiz olarak sunuluyor, masraflar\u0131n bir k\u0131sm\u0131n\u0131 dernek olarak biz \u00fcstleniyoruz. Augsburg&#8217;da bu \u00e7al\u0131\u015fmalar Bavyera Eyaleti \u0130\u00e7i\u015fleri, Spor ve Entegrasyon Bakanl\u0131\u011f\u0131 ve DOSB&#8217;un &#8220;Spor Yoluyla Entegrasyon &#8211; Spor bir yuva yarat\u0131r&#8221; projesi taraf\u0131ndan desteklenmektedir.<\/p>\r\n<p>Di\u011fer t\u00fcm sorular\u0131n\u0131z i\u00e7in l\u00fctfen vladislove@razed-ev.de adresinden bizimle ileti\u015fime ge\u00e7mekten \u00e7ekinmeyin.<\/p>\r\n<p>Do\u011frudan kayda gitmek i\u00e7in buraya t\u0131klay\u0131n:<\/p>\r\n","protected":false},"excerpt":{"rendered":"<p>Buraya kadar gelebilmen harika! A\u011fustos ay\u0131 i\u00e7in harika bir plan\u0131m\u0131z var. A8 boyunca \u00e7e\u015fitli \u015fehirlerde bir etkinlik ger\u00e7ekle\u015ftirilecektir. Ne hakk\u0131nda? Ayn\u0131 hobiye ya da daha iyisi ayn\u0131 tutkuya sahip insanlar bir araya geldiklerinde sadece birka\u00e7 kelimeyle idare edebilirler. Kaykayda iyi bir etkile\u015fim i\u00e7in bu birka\u00e7 kelime yeterlidir. Ayn\u0131 zamanda sosyalle\u015fmek, entegre olmak i\u00e7in motivasyon yarat\u0131yoruz &hellip; <\/p>\n<p class=\"link-more\"><a href=\"https:\/\/razed-ev.de\/tr\/gueney-kaykay-turu-ile-entegrasyon\/\" class=\"more-link\">Okumaya devam et<span class=\"screen-reader-text\"> &#8220;G\u00fcney Kaykay Turu ile Entegrasyon&#8221;<\/span><\/a><\/p>\n","protected":false},"author":2,"featured_media":0,"parent":0,"menu_order":1,"comment_status":"closed","ping_status":"closed","template":"","meta":{"footnotes":""},"class_list":["post-25721","page","type-page","status-publish","hentry"],"yoast_head":"<!-- This site is optimized with the Yoast SEO plugin v26.5 - https:\/\/yoast.com\/wordpress\/plugins\/seo\/ -->\n<title>G\u00fcney Kaykay Turu ile Entegrasyon - Skateboarding<\/title>\n<meta name=\"robots\" content=\"index, follow, max-snippet:-1, max-image-preview:large, max-video-preview:-1\" \/>\n<link rel=\"canonical\" href=\"https:\/\/razed-ev.de\/tr\/gueney-kaykay-turu-ile-entegrasyon\/\" \/>\n<meta property=\"og:locale\" content=\"tr_TR\" \/>\n<meta property=\"og:type\" content=\"article\" \/>\n<meta property=\"og:title\" content=\"G\u00fcney Kaykay Turu ile Entegrasyon - Skateboarding\" \/>\n<meta property=\"og:description\" content=\"Buraya kadar gelebilmen harika! A\u011fustos ay\u0131 i\u00e7in harika bir plan\u0131m\u0131z var. A8 boyunca \u00e7e\u015fitli \u015fehirlerde bir etkinlik ger\u00e7ekle\u015ftirilecektir. Ne hakk\u0131nda? Ayn\u0131 hobiye ya da daha iyisi ayn\u0131 tutkuya sahip insanlar bir araya geldiklerinde sadece birka\u00e7 kelimeyle idare edebilirler. Kaykayda iyi bir etkile\u015fim i\u00e7in bu birka\u00e7 kelime yeterlidir. Ayn\u0131 zamanda sosyalle\u015fmek, entegre olmak i\u00e7in motivasyon yarat\u0131yoruz &hellip; Okumaya devam et &quot;G\u00fcney Kaykay Turu ile Entegrasyon&quot;\" \/>\n<meta property=\"og:url\" content=\"https:\/\/razed-ev.de\/tr\/gueney-kaykay-turu-ile-entegrasyon\/\" \/>\n<meta property=\"og:site_name\" content=\"Skateboarding\" \/>\n<meta property=\"article:publisher\" content=\"https:\/\/www.facebook.com\/skateboarding.augsburg\" \/>\n<meta property=\"article:modified_time\" content=\"2023-07-21T06:22:30+00:00\" \/>\n<meta property=\"og:image\" content=\"https:\/\/razed-ev.de\/wp-content\/uploads\/2023\/07\/Integration-durch-Skateboard-Tour-Sued_1200x1200-DE.jpg\" \/>\n<meta name=\"twitter:card\" content=\"summary_large_image\" \/>\n<meta name=\"twitter:label1\" content=\"Tahmini okuma s\u00fcresi\" \/>\n\t<meta name=\"twitter:data1\" content=\"1 dakika\" \/>\n<script type=\"application\/ld+json\" class=\"yoast-schema-graph\">{\"@context\":\"https:\/\/schema.org\",\"@graph\":[{\"@type\":\"WebPage\",\"@id\":\"https:\/\/razed-ev.de\/tr\/gueney-kaykay-turu-ile-entegrasyon\/\",\"url\":\"https:\/\/razed-ev.de\/tr\/gueney-kaykay-turu-ile-entegrasyon\/\",\"name\":\"G\u00fcney Kaykay Turu ile Entegrasyon - Skateboarding\",\"isPartOf\":{\"@id\":\"https:\/\/razed-ev.de\/#website\"},\"primaryImageOfPage\":{\"@id\":\"https:\/\/razed-ev.de\/tr\/gueney-kaykay-turu-ile-entegrasyon\/#primaryimage\"},\"image\":{\"@id\":\"https:\/\/razed-ev.de\/tr\/gueney-kaykay-turu-ile-entegrasyon\/#primaryimage\"},\"thumbnailUrl\":\"https:\/\/razed-ev.de\/wp-content\/uploads\/2023\/07\/Integration-durch-Skateboard-Tour-Sued_1200x1200-DE.jpg\",\"datePublished\":\"2023-07-19T15:21:11+00:00\",\"dateModified\":\"2023-07-21T06:22:30+00:00\",\"breadcrumb\":{\"@id\":\"https:\/\/razed-ev.de\/tr\/gueney-kaykay-turu-ile-entegrasyon\/#breadcrumb\"},\"inLanguage\":\"tr\",\"potentialAction\":[{\"@type\":\"ReadAction\",\"target\":[\"https:\/\/razed-ev.de\/tr\/gueney-kaykay-turu-ile-entegrasyon\/\"]}]},{\"@type\":\"ImageObject\",\"inLanguage\":\"tr\",\"@id\":\"https:\/\/razed-ev.de\/tr\/gueney-kaykay-turu-ile-entegrasyon\/#primaryimage\",\"url\":\"https:\/\/razed-ev.de\/wp-content\/uploads\/2023\/07\/Integration-durch-Skateboard-Tour-Sued_1200x1200-DE.jpg\",\"contentUrl\":\"https:\/\/razed-ev.de\/wp-content\/uploads\/2023\/07\/Integration-durch-Skateboard-Tour-Sued_1200x1200-DE.jpg\"},{\"@type\":\"BreadcrumbList\",\"@id\":\"https:\/\/razed-ev.de\/tr\/gueney-kaykay-turu-ile-entegrasyon\/#breadcrumb\",\"itemListElement\":[{\"@type\":\"ListItem\",\"position\":1,\"name\":\"Startseite\",\"item\":\"https:\/\/razed-ev.de\/\"},{\"@type\":\"ListItem\",\"position\":2,\"name\":\"G\u00fcney Kaykay Turu ile Entegrasyon\"}]},{\"@type\":\"WebSite\",\"@id\":\"https:\/\/razed-ev.de\/#website\",\"url\":\"https:\/\/razed-ev.de\/\",\"name\":\"Skateboarding\",\"description\":\"Das tut bestimmt nicht weh\",\"publisher\":{\"@id\":\"https:\/\/razed-ev.de\/#organization\"},\"potentialAction\":[{\"@type\":\"SearchAction\",\"target\":{\"@type\":\"EntryPoint\",\"urlTemplate\":\"https:\/\/razed-ev.de\/?s={search_term_string}\"},\"query-input\":{\"@type\":\"PropertyValueSpecification\",\"valueRequired\":true,\"valueName\":\"search_term_string\"}}],\"inLanguage\":\"tr\"},{\"@type\":\"Organization\",\"@id\":\"https:\/\/razed-ev.de\/#organization\",\"name\":\"RAZED Skateboarding Club Schwaben e. V.\",\"url\":\"https:\/\/razed-ev.de\/\",\"logo\":{\"@type\":\"ImageObject\",\"inLanguage\":\"tr\",\"@id\":\"https:\/\/razed-ev.de\/#\/schema\/logo\/image\/\",\"url\":\"https:\/\/razed-ev.de\/wp-content\/uploads\/2019\/02\/RAZED-Sk8ClubSchwabenEV-Logo-11-08-2018-stempel.jpg\",\"contentUrl\":\"https:\/\/razed-ev.de\/wp-content\/uploads\/2019\/02\/RAZED-Sk8ClubSchwabenEV-Logo-11-08-2018-stempel.jpg\",\"width\":2280,\"height\":2325,\"caption\":\"RAZED Skateboarding Club Schwaben e. V.\"},\"image\":{\"@id\":\"https:\/\/razed-ev.de\/#\/schema\/logo\/image\/\"},\"sameAs\":[\"https:\/\/www.facebook.com\/skateboarding.augsburg\",\"https:\/\/www.yooying.com\/razed.ev\",\"https:\/\/www.youtube.com\/channel\/UCKQSdcxbdu-B1Pvg2c3YEtA\"]}]}<\/script>\n<!-- \/ Yoast SEO plugin. -->","yoast_head_json":{"title":"G\u00fcney Kaykay Turu ile Entegrasyon - Skateboarding","robots":{"index":"index","follow":"follow","max-snippet":"max-snippet:-1","max-image-preview":"max-image-preview:large","max-video-preview":"max-video-preview:-1"},"canonical":"https:\/\/razed-ev.de\/tr\/gueney-kaykay-turu-ile-entegrasyon\/","og_locale":"tr_TR","og_type":"article","og_title":"G\u00fcney Kaykay Turu ile Entegrasyon - Skateboarding","og_description":"Buraya kadar gelebilmen harika! A\u011fustos ay\u0131 i\u00e7in harika bir plan\u0131m\u0131z var. A8 boyunca \u00e7e\u015fitli \u015fehirlerde bir etkinlik ger\u00e7ekle\u015ftirilecektir. Ne hakk\u0131nda? Ayn\u0131 hobiye ya da daha iyisi ayn\u0131 tutkuya sahip insanlar bir araya geldiklerinde sadece birka\u00e7 kelimeyle idare edebilirler. Kaykayda iyi bir etkile\u015fim i\u00e7in bu birka\u00e7 kelime yeterlidir. Ayn\u0131 zamanda sosyalle\u015fmek, entegre olmak i\u00e7in motivasyon yarat\u0131yoruz &hellip; Okumaya devam et \"G\u00fcney Kaykay Turu ile Entegrasyon\"","og_url":"https:\/\/razed-ev.de\/tr\/gueney-kaykay-turu-ile-entegrasyon\/","og_site_name":"Skateboarding","article_publisher":"https:\/\/www.facebook.com\/skateboarding.augsburg","article_modified_time":"2023-07-21T06:22:30+00:00","og_image":[{"url":"https:\/\/razed-ev.de\/wp-content\/uploads\/2023\/07\/Integration-durch-Skateboard-Tour-Sued_1200x1200-DE.jpg","type":"","width":"","height":""}],"twitter_card":"summary_large_image","twitter_misc":{"Tahmini okuma s\u00fcresi":"1 dakika"},"schema":{"@context":"https:\/\/schema.org","@graph":[{"@type":"WebPage","@id":"https:\/\/razed-ev.de\/tr\/gueney-kaykay-turu-ile-entegrasyon\/","url":"https:\/\/razed-ev.de\/tr\/gueney-kaykay-turu-ile-entegrasyon\/","name":"G\u00fcney Kaykay Turu ile Entegrasyon - Skateboarding","isPartOf":{"@id":"https:\/\/razed-ev.de\/#website"},"primaryImageOfPage":{"@id":"https:\/\/razed-ev.de\/tr\/gueney-kaykay-turu-ile-entegrasyon\/#primaryimage"},"image":{"@id":"https:\/\/razed-ev.de\/tr\/gueney-kaykay-turu-ile-entegrasyon\/#primaryimage"},"thumbnailUrl":"https:\/\/razed-ev.de\/wp-content\/uploads\/2023\/07\/Integration-durch-Skateboard-Tour-Sued_1200x1200-DE.jpg","datePublished":"2023-07-19T15:21:11+00:00","dateModified":"2023-07-21T06:22:30+00:00","breadcrumb":{"@id":"https:\/\/razed-ev.de\/tr\/gueney-kaykay-turu-ile-entegrasyon\/#breadcrumb"},"inLanguage":"tr","potentialAction":[{"@type":"ReadAction","target":["https:\/\/razed-ev.de\/tr\/gueney-kaykay-turu-ile-entegrasyon\/"]}]},{"@type":"ImageObject","inLanguage":"tr","@id":"https:\/\/razed-ev.de\/tr\/gueney-kaykay-turu-ile-entegrasyon\/#primaryimage","url":"https:\/\/razed-ev.de\/wp-content\/uploads\/2023\/07\/Integration-durch-Skateboard-Tour-Sued_1200x1200-DE.jpg","contentUrl":"https:\/\/razed-ev.de\/wp-content\/uploads\/2023\/07\/Integration-durch-Skateboard-Tour-Sued_1200x1200-DE.jpg"},{"@type":"BreadcrumbList","@id":"https:\/\/razed-ev.de\/tr\/gueney-kaykay-turu-ile-entegrasyon\/#breadcrumb","itemListElement":[{"@type":"ListItem","position":1,"name":"Startseite","item":"https:\/\/razed-ev.de\/"},{"@type":"ListItem","position":2,"name":"G\u00fcney Kaykay Turu ile Entegrasyon"}]},{"@type":"WebSite","@id":"https:\/\/razed-ev.de\/#website","url":"https:\/\/razed-ev.de\/","name":"Skateboarding","description":"Das tut bestimmt nicht weh","publisher":{"@id":"https:\/\/razed-ev.de\/#organization"},"potentialAction":[{"@type":"SearchAction","target":{"@type":"EntryPoint","urlTemplate":"https:\/\/razed-ev.de\/?s={search_term_string}"},"query-input":{"@type":"PropertyValueSpecification","valueRequired":true,"valueName":"search_term_string"}}],"inLanguage":"tr"},{"@type":"Organization","@id":"https:\/\/razed-ev.de\/#organization","name":"RAZED Skateboarding Club Schwaben e. V.","url":"https:\/\/razed-ev.de\/","logo":{"@type":"ImageObject","inLanguage":"tr","@id":"https:\/\/razed-ev.de\/#\/schema\/logo\/image\/","url":"https:\/\/razed-ev.de\/wp-content\/uploads\/2019\/02\/RAZED-Sk8ClubSchwabenEV-Logo-11-08-2018-stempel.jpg","contentUrl":"https:\/\/razed-ev.de\/wp-content\/uploads\/2019\/02\/RAZED-Sk8ClubSchwabenEV-Logo-11-08-2018-stempel.jpg","width":2280,"height":2325,"caption":"RAZED Skateboarding Club Schwaben e. V."},"image":{"@id":"https:\/\/razed-ev.de\/#\/schema\/logo\/image\/"},"sameAs":["https:\/\/www.facebook.com\/skateboarding.augsburg","https:\/\/www.yooying.com\/razed.ev","https:\/\/www.youtube.com\/channel\/UCKQSdcxbdu-B1Pvg2c3YEtA"]}]}},"_links":{"self":[{"href":"https:\/\/razed-ev.de\/tr\/wp-json\/wp\/v2\/pages\/25721","targetHints":{"allow":["GET"]}}],"collection":[{"href":"https:\/\/razed-ev.de\/tr\/wp-json\/wp\/v2\/pages"}],"about":[{"href":"https:\/\/razed-ev.de\/tr\/wp-json\/wp\/v2\/types\/page"}],"author":[{"embeddable":true,"href":"https:\/\/razed-ev.de\/tr\/wp-json\/wp\/v2\/users\/2"}],"replies":[{"embeddable":true,"href":"https:\/\/razed-ev.de\/tr\/wp-json\/wp\/v2\/comments?post=25721"}],"version-history":[{"count":0,"href":"https:\/\/razed-ev.de\/tr\/wp-json\/wp\/v2\/pages\/25721\/revisions"}],"wp:attachment":[{"href":"https:\/\/razed-ev.de\/tr\/wp-json\/wp\/v2\/media?parent=25721"}],"curies":[{"name":"wp","href":"https:\/\/api.w.org\/{rel}","templated":true}]}}